{"id":5707,"date":"2025-02-19T09:48:19","date_gmt":"2025-02-19T08:48:19","guid":{"rendered":"http:\/\/demo2.wpresidence.net\/?page_id=5707"},"modified":"2025-10-19T15:40:38","modified_gmt":"2025-10-19T13:40:38","slug":"o-deweloperze","status":"publish","type":"page","link":"https:\/\/sokolskapark.pl\/index.php\/o-deweloperze\/","title":{"rendered":"O deweloperze"},"content":{"rendered":"\t\t<div data-elementor-type=\"wp-page\" data-elementor-id=\"5707\" class=\"elementor elementor-5707\">\n\t\t\t\t<div class=\"elementor-element elementor-element-7ddb9439 e-flex e-con-boxed e-con e-parent\" data-id=\"7ddb9439\" data-element_type=\"container\" data-e-type=\"container\">\n\t\t\t\t\t<div class=\"e-con-inner\">\n\t\t\t\t<div class=\"elementor-element elementor-element-8a806e2 elementor-widget elementor-widget-text-editor\" data-id=\"8a806e2\" data-element_type=\"widget\" data-e-type=\"widget\" data-widget_type=\"text-editor.default\">\n\t\t\t\t<div class=\"elementor-widget-container\">\n\t\t\t\t\t\t\t\t\t<p style=\"font-size: 25px; line-height: 1.5;\" data-start=\"918\" data-end=\"1165\">Sokolska Park sp. z o. o.<\/p><p data-start=\"918\" data-end=\"1165\">REGON:<i>362214338\u00a0 \u00a0 \u00a0 \u00a0 \u00a0 \u00a0 \u00a0 \u00a0 \u00a0 \u00a0 \u00a0 \u00a0 \u00a0 \u00a0 \u00a0 \u00a0 \u00a0 \u00a0 \u00a0 \u00a0 \u00a0 \u00a0<\/i><\/p><p data-start=\"918\" data-end=\"1165\">KRS:0000574478<\/p><p data-start=\"918\" data-end=\"1165\">NIP:6252454956<\/p>\t\t\t\t\t\t\t\t<\/div>\n\t\t\t\t<\/div>\n\t\t\t\t<div class=\"elementor-element elementor-element-1203c6c0 elementor-widget elementor-widget-text-editor\" data-id=\"1203c6c0\" data-element_type=\"widget\" data-e-type=\"widget\" data-widget_type=\"text-editor.default\">\n\t\t\t\t<div class=\"elementor-widget-container\">\n\t\t\t\t\t\t\t\t\t<h3 data-start=\"248\" data-end=\"303\"><strong>Sprawdzony inwestor z do\u015bwiadczeniem<\/strong><\/h3>\n<p data-start=\"305\" data-end=\"618\">Jeste\u015bmy firm\u0105 zbudowan\u0105 przez ludzi z pasj\u0105 i wieloletnim do\u015bwiadczeniem w budowie dom\u00f3w jednorodzinnych, bli\u017aniak\u00f3w i mieszka\u0144 w zabudowie szeregowej. Od lat tworzymy funkcjonalne i estetyczne osiedla na terenie Zag\u0142\u0119bia, dbaj\u0105c o wysoki standard wykonania, przemy\u015blane uk\u0142ady mieszka\u0144 i atrakcyjne lokalizacje.<\/p>\n<p data-start=\"620\" data-end=\"642\">Zrealizowali\u015bmy m.in.:<\/p>\n<ul data-start=\"643\" data-end=\"744\">\n<li data-start=\"643\" data-end=\"664\">\n<p data-start=\"645\" data-end=\"664\"><strong data-start=\"645\" data-end=\"664\">Osiedle Ostrowy &#8211; Sosnowiec<\/strong><\/p>\n<\/li>\n<li data-start=\"665\" data-end=\"692\">\n<p data-start=\"667\" data-end=\"692\"><strong data-start=\"667\" data-end=\"692\">Osiedle Podskarpie II &#8211; B\u0119dzin<\/strong><\/p>\n<\/li>\n<li data-start=\"693\" data-end=\"714\">\n<p data-start=\"695\" data-end=\"714\"><strong data-start=\"695\" data-end=\"714\">Osiedle Sosnowy &#8211; Sosnowiec<\/strong><\/p>\n<\/li>\n<li data-start=\"715\" data-end=\"744\">\n<p data-start=\"717\" data-end=\"744\"><strong data-start=\"717\" data-end=\"744\">Osiedle Brzozowa Polana &#8211; D\u0105browa G\u00f3rnicza<\/strong><\/p>\n<\/li>\n<\/ul>\n<p data-start=\"746\" data-end=\"783\">Aktualnie prowadzimy nowe inwestycje:<\/p>\n<ul data-start=\"784\" data-end=\"916\">\n<li data-start=\"784\" data-end=\"846\">\n<p data-start=\"786\" data-end=\"846\"><strong data-start=\"786\" data-end=\"805\">Osiedle Parkowa &#8211; D\u0105browa G\u00f3rnicza<\/strong><\/p>\n<\/li>\n<li data-start=\"847\" data-end=\"916\">\n<p data-start=\"849\" data-end=\"916\"><strong data-start=\"849\" data-end=\"864\">Wolno\u015bci116 &#8211; B\u0119dzin<\/strong><\/p>\n<\/li>\n<li data-start=\"847\" data-end=\"916\">\n<p data-start=\"849\" data-end=\"916\"><strong>Bli\u017aniak Komuny Paryskiej &#8211; Sosnowiec<\/strong><\/p>\n<\/li>\n<\/ul>\n<p data-start=\"918\" data-end=\"1165\">Nasze projekty tworzymy z my\u015bl\u0105 o realnych potrzebach mieszka\u0144c\u00f3w. \u0141\u0105czymy <strong data-start=\"993\" data-end=\"1072\">komfort codziennego \u017cycia z blisko\u015bci\u0105 natury i dobr\u0105 komunikacj\u0105 z miastem<\/strong>. Chcemy, by nasi klienci nie tylko kupowali nieruchomo\u015bci \u2013 ale z rado\u015bci\u0105 w nich mieszkali. Sokolska Park tw\u00f3j deweloper na \u015al\u0105sku i Zag\u0142ebiu.<\/p>\n<p data-start=\"918\" data-end=\"1165\">\n<\/p>\t\t\t\t\t\t\t\t<\/div>\n\t\t\t\t<\/div>\n\t\t\t\t\t<\/div>\n\t\t\t\t<\/div>\n\t\t\t\t<\/div>\n\t\t","protected":false},"excerpt":{"rendered":"<p>Sokolska Park sp. z o. o. REGON:362214338\u00a0 \u00a0 \u00a0 \u00a0 \u00a0 \u00a0 \u00a0 \u00a0 \u00a0 \u00a0 \u00a0 \u00a0 \u00a0 \u00a0 \u00a0 \u00a0 \u00a0 \u00a0 \u00a0 \u00a0 \u00a0 \u00a0 KRS:0000574478 NIP:6252454956 Sprawdzony inwestor z do\u015bwiadczeniem Jeste\u015bmy firm\u0105 zbudowan\u0105 przez ludzi z pasj\u0105 i wieloletnim do\u015bwiadczeniem w budowie dom\u00f3w jednorodzinnych, bli\u017aniak\u00f3w i mieszka\u0144 w zabudowie szeregowej. Od lat tworzymy funkcjonalne i estetyczne osiedla na terenie Zag\u0142\u0119bia, &#8230;<\/p>\n","protected":false},"author":1,"featured_media":0,"parent":0,"menu_order":0,"comment_status":"open","ping_status":"closed","template":"page-templates\/contact_page.php","meta":{"om_disable_all_campaigns":false,"inline_featured_image":false,"_monsterinsights_skip_tracking":false,"_monsterinsights_sitenote_active":false,"_monsterinsights_sitenote_note":"","_monsterinsights_sitenote_category":0,"footnotes":""},"class_list":["post-5707","page","type-page","status-publish","hentry"],"aioseo_notices":[],"_links":{"self":[{"href":"https:\/\/sokolskapark.pl\/index.php\/wp-json\/wp\/v2\/pages\/5707","targetHints":{"allow":["GET"]}}],"collection":[{"href":"https:\/\/sokolskapark.pl\/index.php\/wp-json\/wp\/v2\/pages"}],"about":[{"href":"https:\/\/sokolskapark.pl\/index.php\/wp-json\/wp\/v2\/types\/page"}],"author":[{"embeddable":true,"href":"https:\/\/sokolskapark.pl\/index.php\/wp-json\/wp\/v2\/users\/1"}],"replies":[{"embeddable":true,"href":"https:\/\/sokolskapark.pl\/index.php\/wp-json\/wp\/v2\/comments?post=5707"}],"version-history":[{"count":48,"href":"https:\/\/sokolskapark.pl\/index.php\/wp-json\/wp\/v2\/pages\/5707\/revisions"}],"predecessor-version":[{"id":20471,"href":"https:\/\/sokolskapark.pl\/index.php\/wp-json\/wp\/v2\/pages\/5707\/revisions\/20471"}],"wp:attachment":[{"href":"https:\/\/sokolskapark.pl\/index.php\/wp-json\/wp\/v2\/media?parent=5707"}],"curies":[{"name":"wp","href":"https:\/\/api.w.org\/{rel}","templated":true}]}}