{"id":20356,"date":"2025-09-13T12:44:05","date_gmt":"2025-09-13T10:44:05","guid":{"rendered":"https:\/\/sokolskapark.pl\/?page_id=20356"},"modified":"2025-09-13T15:33:39","modified_gmt":"2025-09-13T13:33:39","slug":"cennik-nieruchomosci","status":"publish","type":"page","link":"https:\/\/sokolskapark.pl\/index.php\/strona-glowna\/cennik-nieruchomosci\/","title":{"rendered":"Cennik Nieruchomo\u015bci"},"content":{"rendered":"\t\t<div data-elementor-type=\"wp-page\" data-elementor-id=\"20356\" class=\"elementor elementor-20356\">\n\t\t\t\t\t\t<section class=\"elementor-section elementor-top-section elementor-element elementor-element-b63fa24 elementor-section-stretched elementor-section-boxed elementor-section-height-default elementor-section-height-default\" data-id=\"b63fa24\" data-element_type=\"section\" data-e-type=\"section\" data-settings=\"{&quot;background_background&quot;:&quot;classic&quot;,&quot;stretch_section&quot;:&quot;section-stretched&quot;,&quot;shape_divider_top&quot;:&quot;tilt&quot;,&quot;shape_divider_bottom&quot;:&quot;tilt&quot;}\">\n\t\t\t\t\t\t\t<div class=\"elementor-background-overlay\"><\/div>\n\t\t\t\t\t\t<div class=\"elementor-shape elementor-shape-top\" aria-hidden=\"true\" data-negative=\"false\">\n\t\t\t<svg xmlns=\"http:\/\/www.w3.org\/2000\/svg\" viewBox=\"0 0 1000 100\" preserveAspectRatio=\"none\">\n\t<path class=\"elementor-shape-fill\" d=\"M0,6V0h1000v100L0,6z\"\/>\n<\/svg>\t\t<\/div>\n\t\t\t\t<div class=\"elementor-shape elementor-shape-bottom\" aria-hidden=\"true\" data-negative=\"false\">\n\t\t\t<svg xmlns=\"http:\/\/www.w3.org\/2000\/svg\" viewBox=\"0 0 1000 100\" preserveAspectRatio=\"none\">\n\t<path class=\"elementor-shape-fill\" d=\"M0,6V0h1000v100L0,6z\"\/>\n<\/svg>\t\t<\/div>\n\t\t\t\t\t<div class=\"elementor-container elementor-column-gap-no\">\n\t\t\t\t\t<div class=\"elementor-column elementor-col-100 elementor-top-column elementor-element elementor-element-41b5ca5\" data-id=\"41b5ca5\" data-element_type=\"column\" data-e-type=\"column\">\n\t\t\t<div class=\"elementor-widget-wrap elementor-element-populated\">\n\t\t\t\t\t\t<section class=\"elementor-section elementor-inner-section elementor-element elementor-element-06f82de elementor-section-boxed elementor-section-height-default elementor-section-height-default\" data-id=\"06f82de\" data-element_type=\"section\" data-e-type=\"section\">\n\t\t\t\t\t\t<div class=\"elementor-container elementor-column-gap-default\">\n\t\t\t\t\t<div class=\"elementor-column elementor-col-100 elementor-inner-column elementor-element elementor-element-6c5b7a5\" data-id=\"6c5b7a5\" data-element_type=\"column\" data-e-type=\"column\">\n\t\t\t<div class=\"elementor-widget-wrap\">\n\t\t\t\t\t\t\t<\/div>\n\t\t<\/div>\n\t\t\t\t\t<\/div>\n\t\t<\/section>\n\t\t\t\t<div class=\"elementor-element elementor-element-0b39f29 elementor-widget elementor-widget-text-editor\" data-id=\"0b39f29\" data-element_type=\"widget\" data-e-type=\"widget\" data-widget_type=\"text-editor.default\">\n\t\t\t\t<div class=\"elementor-widget-container\">\n\t\t\t\t\t\t\t\t\t<h1 class=\"tytul\" style=\"color: white;\">Sokolska Park tw\u00f3j deweloper na terenie \u015al\u0105ska<\/h1>\n<h3 class=\"p1\" style=\"color: white;\">Poznaj przejrzy\u015bcie ceny wszystkich naszych nieruchomo\u015bci<\/h3>\t\t\t\t\t\t\t\t<\/div>\n\t\t\t\t<\/div>\n\t\t\t\t\t<\/div>\n\t\t<\/div>\n\t\t\t\t\t<\/div>\n\t\t<\/section>\n\t\t\t\t<section class=\"elementor-section elementor-top-section elementor-element elementor-element-1b44a90b elementor-section-stretched elementor-section-boxed elementor-section-height-default elementor-section-height-default\" data-id=\"1b44a90b\" data-element_type=\"section\" data-e-type=\"section\" data-settings=\"{&quot;stretch_section&quot;:&quot;section-stretched&quot;,&quot;background_background&quot;:&quot;classic&quot;,&quot;shape_divider_top&quot;:&quot;tilt&quot;}\">\n\t\t\t\t\t<div class=\"elementor-shape elementor-shape-top\" aria-hidden=\"true\" data-negative=\"false\">\n\t\t\t<svg xmlns=\"http:\/\/www.w3.org\/2000\/svg\" viewBox=\"0 0 1000 100\" preserveAspectRatio=\"none\">\n\t<path class=\"elementor-shape-fill\" d=\"M0,6V0h1000v100L0,6z\"\/>\n<\/svg>\t\t<\/div>\n\t\t\t\t\t<div class=\"elementor-container elementor-column-gap-default\">\n\t\t\t\t\t<div class=\"elementor-column elementor-col-100 elementor-top-column elementor-element elementor-element-23c936fc\" data-id=\"23c936fc\" data-element_type=\"column\" data-e-type=\"column\">\n\t\t\t<div class=\"elementor-widget-wrap elementor-element-populated\">\n\t\t\t\t\t\t<div class=\"elementor-element elementor-element-fd36ad9 elementor-widget elementor-widget-html\" data-id=\"fd36ad9\" data-element_type=\"widget\" data-e-type=\"widget\" data-widget_type=\"html.default\">\n\t\t\t\t<div class=\"elementor-widget-container\">\n\t\t\t\t\t\n<table id=\"tablepress-2\" class=\"tablepress tablepress-id-2 mojatabela\">\n<thead>\n<tr class=\"row-1\">\n\t<th class=\"column-1\">MIASTO<\/th><th class=\"column-2\">INWESTYCJA<\/th><th class=\"column-3\">NUMER<\/th><th class=\"column-4\">POWIERZCHNIA<\/th><th class=\"column-5\">CENA<\/th><th class=\"column-6\">CENA ZA METR<\/th><th class=\"column-7\">STATUS<\/th><th class=\"column-8\">KARTA LOKALU<\/th>\n<\/tr>\n<\/thead>\n<tbody class=\"row-striping row-hover\">\n<tr class=\"row-2\">\n\t<td class=\"column-1\">B\u0119dzin<\/td><td class=\"column-2\">Wolno\u015bci 116<\/td><td class=\"column-3\">1.1 (116\/1)<\/td><td class=\"column-4\">82,18 m\u00b2<\/td><td class=\"column-5\">616 000z\u0142<\/td><td class=\"column-6\">7496z\u0142\/m\u00b2<\/td><td class=\"column-7\">Dost\u0119pny<\/td><td class=\"column-8\">https:\/\/sokolskapark.pl\/index.php\/domy\/wolnosci116-mieszkanie-1-1\/<\/td>\n<\/tr>\n<tr class=\"row-3\">\n\t<td class=\"column-1\">B\u0119dzin<\/td><td class=\"column-2\">Wolno\u015bci 116<\/td><td class=\"column-3\">1.2 (116\/2)<\/td><td class=\"column-4\">85,07 m\u00b2<\/td><td class=\"column-5\">655 000z\u0142<\/td><td class=\"column-6\">7700z\u0142\/m\u00b2<\/td><td class=\"column-7\">Dost\u0119pny<\/td><td class=\"column-8\">https:\/\/sokolskapark.pl\/index.php\/domy\/wolnosci116-mieszkanie-1-2\/<\/td>\n<\/tr>\n<tr class=\"row-4\">\n\t<td class=\"column-1\">B\u0119dzin<\/td><td class=\"column-2\">Wolno\u015bci 116<\/td><td class=\"column-3\">2.1 (116a\/1)<\/td><td class=\"column-4\">82,18 m\u00b2<\/td><td class=\"column-5\">616 000z\u0142<\/td><td class=\"column-6\">7496z\u0142\/m\u00b2<\/td><td class=\"column-7\">Dost\u0119pny<\/td><td class=\"column-8\">https:\/\/sokolskapark.pl\/index.php\/domy\/wolnosci116-mieszkanie-2-1\/<\/td>\n<\/tr>\n<tr class=\"row-5\">\n\t<td class=\"column-1\">B\u0119dzin<\/td><td class=\"column-2\">Wolno\u015bci 116<\/td><td class=\"column-3\">2.2 (116a\/2)<\/td><td class=\"column-4\">85,07 m\u00b2<\/td><td class=\"column-5\">655 000z\u0142<\/td><td class=\"column-6\">7700z\u0142\/m\u00b2<\/td><td class=\"column-7\">Dost\u0119pny<\/td><td class=\"column-8\">https:\/\/sokolskapark.pl\/index.php\/domy\/wolnosci116-mieszkanie-2-2\/<\/td>\n<\/tr>\n<tr class=\"row-6\">\n\t<td class=\"column-1\">B\u0119dzin<\/td><td class=\"column-2\">Wolno\u015bci 116<\/td><td class=\"column-3\">3.1 (116b\/1)<\/td><td class=\"column-4\">74,40 m\u00b2<\/td><td class=\"column-5\">558 000z\u0142<\/td><td class=\"column-6\">7500z\u0142\/m\u00b2<\/td><td class=\"column-7\">Dost\u0119pny<\/td><td class=\"column-8\">https:\/\/sokolskapark.pl\/index.php\/domy\/wolnosci116-mieszkanie-3-1\/<\/td>\n<\/tr>\n<tr class=\"row-7\">\n\t<td class=\"column-1\">B\u0119dzin<\/td><td class=\"column-2\">Wolno\u015bci 116<\/td><td class=\"column-3\">3.2 (116b\/2)<\/td><td class=\"column-4\">77,30 m\u00b2<\/td><td class=\"column-5\">595 000z\u0142<\/td><td class=\"column-6\">7697z\u0142\/m\u00b2<\/td><td class=\"column-7\">Dost\u0119pny<\/td><td class=\"column-8\">https:\/\/sokolskapark.pl\/index.php\/domy\/wolnosci116-mieszkanie-3-2\/<\/td>\n<\/tr>\n<tr class=\"row-8\">\n\t<td class=\"column-1\">B\u0119dzin<\/td><td class=\"column-2\">Wolno\u015bci 116<\/td><td class=\"column-3\">4.1 (116c\/1)<\/td><td class=\"column-4\">74,40 m\u00b2<\/td><td class=\"column-5\">558 000z\u0142<\/td><td class=\"column-6\">7500z\u0142\/m\u00b2<\/td><td class=\"column-7\">Sprzedane<\/td><td class=\"column-8\">https:\/\/sokolskapark.pl\/index.php\/domy\/wolnosci116-mieszkanie-4-1\/<\/td>\n<\/tr>\n<tr class=\"row-9\">\n\t<td class=\"column-1\">B\u0119dzin<\/td><td class=\"column-2\">Wolno\u015bci 116<\/td><td class=\"column-3\">4.2 (116c\/2)<\/td><td class=\"column-4\">77,30 m\u00b2<\/td><td class=\"column-5\">595 000z\u0142<\/td><td class=\"column-6\">7697z\u0142\/m\u00b2<\/td><td class=\"column-7\">Sprzedane<\/td><td class=\"column-8\">https:\/\/sokolskapark.pl\/index.php\/domy\/wolnosci116-mieszkanie-4-2\/<\/td>\n<\/tr>\n<tr class=\"row-10\">\n\t<td class=\"column-1\">B\u0119dzin<\/td><td class=\"column-2\">Wolno\u015bci 116<\/td><td class=\"column-3\">5.1 (116d\/1)<\/td><td class=\"column-4\">74,40 m\u00b2<\/td><td class=\"column-5\">558 000z\u0142<\/td><td class=\"column-6\">7500z\u0142\/m\u00b2<\/td><td class=\"column-7\">Dost\u0119pny<\/td><td class=\"column-8\">https:\/\/sokolskapark.pl\/index.php\/domy\/wolnosci116-mieszkanie-5-1\/<\/td>\n<\/tr>\n<tr class=\"row-11\">\n\t<td class=\"column-1\">B\u0119dzin<\/td><td class=\"column-2\">Wolno\u015bci 116<\/td><td class=\"column-3\">5.2 (116d\/2)<\/td><td class=\"column-4\">77,30 m\u00b2<\/td><td class=\"column-5\">595 000z\u0142<\/td><td class=\"column-6\">7697z\u0142\/m\u00b2<\/td><td class=\"column-7\">Sprzedane<\/td><td class=\"column-8\">https:\/\/sokolskapark.pl\/index.php\/domy\/wolnosci116-mieszkanie-5-2\/<\/td>\n<\/tr>\n<tr class=\"row-12\">\n\t<td class=\"column-1\">B\u0119dzin<\/td><td class=\"column-2\">Wolno\u015bci 116<\/td><td class=\"column-3\">6.1 (116e\/1)<\/td><td class=\"column-4\">74,40 m\u00b2<\/td><td class=\"column-5\">558 000z\u0142<\/td><td class=\"column-6\">7500z\u0142\/m\u00b2<\/td><td class=\"column-7\">Dost\u0119pny<\/td><td class=\"column-8\">https:\/\/sokolskapark.pl\/index.php\/domy\/wolnosci116-mieszkanie-6-1\/<\/td>\n<\/tr>\n<tr class=\"row-13\">\n\t<td class=\"column-1\">B\u0119dzin<\/td><td class=\"column-2\">Wolno\u015bci 116<\/td><td class=\"column-3\">6.2 (116e\/2)<\/td><td class=\"column-4\">77,30 m\u00b2<\/td><td class=\"column-5\">595 000z\u0142<\/td><td class=\"column-6\">7697z\u0142\/m\u00b2<\/td><td class=\"column-7\">Sprzedane<\/td><td class=\"column-8\">https:\/\/sokolskapark.pl\/index.php\/domy\/wolnosci116-mieszkanie-6-2\/<\/td>\n<\/tr>\n<tr class=\"row-14\">\n\t<td class=\"column-1\">B\u0119dzin<\/td><td class=\"column-2\">Wolno\u015bci 116<\/td><td class=\"column-3\">7.1 (116f\/1)<\/td><td class=\"column-4\">82,18 m\u00b2<\/td><td class=\"column-5\">616 000z\u0142<\/td><td class=\"column-6\">7496z\u0142\/m\u00b2<\/td><td class=\"column-7\">Dost\u0119pny<\/td><td class=\"column-8\">https:\/\/sokolskapark.pl\/index.php\/domy\/wolnosci116-mieszkanie-7-1\/<\/td>\n<\/tr>\n<tr class=\"row-15\">\n\t<td class=\"column-1\">B\u0119dzin<\/td><td class=\"column-2\">Wolno\u015bci 116<\/td><td class=\"column-3\">7.2 (116f\/2)<\/td><td class=\"column-4\">85,07 m\u00b2<\/td><td class=\"column-5\">655 000z\u0142<\/td><td class=\"column-6\">7700z\u0142\/m\u00b2<\/td><td class=\"column-7\">Dost\u0119pny<\/td><td class=\"column-8\">https:\/\/sokolskapark.pl\/index.php\/domy\/wolnosci116-mieszkanie-7-2\/<\/td>\n<\/tr>\n<tr class=\"row-16\">\n\t<td class=\"column-1\">B\u0119dzin<\/td><td class=\"column-2\">Wolno\u015bci 116<\/td><td class=\"column-3\">8.1 (116g\/1)<\/td><td class=\"column-4\">82,18 m\u00b2<\/td><td class=\"column-5\">634 000z\u0142<\/td><td class=\"column-6\">7715z\u0142\/m\u00b2<\/td><td class=\"column-7\">Sprzedane<\/td><td class=\"column-8\">https:\/\/sokolskapark.pl\/index.php\/domy\/wolnosci116-mieszkanie-8-1\/<\/td>\n<\/tr>\n<tr class=\"row-17\">\n\t<td class=\"column-1\">B\u0119dzin<\/td><td class=\"column-2\">Wolno\u015bci 116<\/td><td class=\"column-3\">8.2 (116g\/2)<\/td><td class=\"column-4\">85,07 m\u00b2<\/td><td class=\"column-5\">672 000z\u0142<\/td><td class=\"column-6\">7899z\u0142\/m\u00b2<\/td><td class=\"column-7\">Sprzedane<\/td><td class=\"column-8\">https:\/\/sokolskapark.pl\/index.php\/domy\/wolnosci116-mieszkanie-8-2\/<\/td>\n<\/tr>\n<tr class=\"row-18\">\n\t<td class=\"column-1\">D\u0105browa G\u00f3rnicza<\/td><td class=\"column-2\">Osiedle Parkowa<\/td><td class=\"column-3\">6.2 (49c\/2)<\/td><td class=\"column-4\">100,49 m\u00b2<\/td><td class=\"column-5\">689 000z\u0142<\/td><td class=\"column-6\">6856z\u0142\/m\u00b2<\/td><td class=\"column-7\">Dost\u0119pny<\/td><td class=\"column-8\">https:\/\/sokolskapark.pl\/index.php\/domy\/mieszkanie-6-2-osiedle-parkowa\/<\/td>\n<\/tr>\n<tr class=\"row-19\">\n\t<td class=\"column-1\">Sosnowiec<\/td><td class=\"column-2\">Komuny Paryskiej<\/td><td class=\"column-3\">1.1 (37\/1)<\/td><td class=\"column-4\">103,5 m\u00b2<\/td><td class=\"column-5\">689 000z\u0142<\/td><td class=\"column-6\">6657z\u0142\/m\u00b2<\/td><td class=\"column-7\">Dost\u0119pny<\/td><td class=\"column-8\">https:\/\/sokolskapark.pl\/index.php\/domy\/sosnowiec-komuny-paryskiej\/<\/td>\n<\/tr>\n<tr class=\"row-20\">\n\t<td class=\"column-1\">Sosnowiec<\/td><td class=\"column-2\">Komuny Paryskiej<\/td><td class=\"column-3\">1.2 (37\/2)<\/td><td class=\"column-4\">103,5 m\u00b2<\/td><td class=\"column-5\">689 000z\u0142<\/td><td class=\"column-6\">6657z\u0142\/m\u00b2<\/td><td class=\"column-7\">Dost\u0119pny<\/td><td class=\"column-8\">https:\/\/sokolskapark.pl\/index.php\/domy\/sosnowiec-komuny-paryskiej-2\/<\/td>\n<\/tr>\n<\/tbody>\n<tfoot>\n<tr class=\"row-21\">\n\t<th colspan=\"8\" class=\"column-1\">Ostatnia aktualizacja cen 03.09.2025<\/th>\n<\/tr>\n<\/tfoot>\n<\/table>\n\t\t\t\t<\/div>\n\t\t\t\t<\/div>\n\t\t\t\t\t<\/div>\n\t\t<\/div>\n\t\t\t\t\t<\/div>\n\t\t<\/section>\n\t\t\t\t<section class=\"elementor-section elementor-top-section elementor-element elementor-element-88ff94f elementor-section-stretched elementor-section-boxed elementor-section-height-default elementor-section-height-default\" data-id=\"88ff94f\" data-element_type=\"section\" data-e-type=\"section\" data-settings=\"{&quot;background_background&quot;:&quot;classic&quot;,&quot;stretch_section&quot;:&quot;section-stretched&quot;,&quot;shape_divider_top&quot;:&quot;tilt&quot;,&quot;shape_divider_bottom&quot;:&quot;tilt&quot;}\">\n\t\t\t\t\t\t\t<div class=\"elementor-background-overlay\"><\/div>\n\t\t\t\t\t\t<div class=\"elementor-shape elementor-shape-top\" aria-hidden=\"true\" data-negative=\"false\">\n\t\t\t<svg xmlns=\"http:\/\/www.w3.org\/2000\/svg\" viewBox=\"0 0 1000 100\" preserveAspectRatio=\"none\">\n\t<path class=\"elementor-shape-fill\" d=\"M0,6V0h1000v100L0,6z\"\/>\n<\/svg>\t\t<\/div>\n\t\t\t\t<div class=\"elementor-shape elementor-shape-bottom\" aria-hidden=\"true\" data-negative=\"false\">\n\t\t\t<svg xmlns=\"http:\/\/www.w3.org\/2000\/svg\" viewBox=\"0 0 1000 100\" preserveAspectRatio=\"none\">\n\t<path class=\"elementor-shape-fill\" d=\"M0,6V0h1000v100L0,6z\"\/>\n<\/svg>\t\t<\/div>\n\t\t\t\t\t<div class=\"elementor-container elementor-column-gap-no\">\n\t\t\t\t\t<div class=\"elementor-column elementor-col-100 elementor-top-column elementor-element elementor-element-6776d32\" data-id=\"6776d32\" data-element_type=\"column\" data-e-type=\"column\">\n\t\t\t<div class=\"elementor-widget-wrap elementor-element-populated\">\n\t\t\t\t\t\t<div class=\"elementor-element elementor-element-1dad32b elementor-widget elementor-widget-spacer\" data-id=\"1dad32b\" data-element_type=\"widget\" data-e-type=\"widget\" data-widget_type=\"spacer.default\">\n\t\t\t\t<div class=\"elementor-widget-container\">\n\t\t\t\t\t\t\t<div class=\"elementor-spacer\">\n\t\t\t<div class=\"elementor-spacer-inner\"><\/div>\n\t\t<\/div>\n\t\t\t\t\t\t<\/div>\n\t\t\t\t<\/div>\n\t\t\t\t\t<\/div>\n\t\t<\/div>\n\t\t\t\t\t<\/div>\n\t\t<\/section>\n\t\t\t\t<section class=\"elementor-section elementor-top-section elementor-element elementor-element-7284cb70 elementor-section-stretched elementor-section-height-min-height elementor-section-boxed elementor-section-height-default elementor-section-items-middle\" data-id=\"7284cb70\" data-element_type=\"section\" data-e-type=\"section\" data-settings=\"{&quot;stretch_section&quot;:&quot;section-stretched&quot;,&quot;background_background&quot;:&quot;classic&quot;,&quot;shape_divider_top&quot;:&quot;tilt&quot;,&quot;shape_divider_bottom&quot;:&quot;tilt&quot;}\">\n\t\t\t\t\t\t\t<div class=\"elementor-background-overlay\"><\/div>\n\t\t\t\t\t\t<div class=\"elementor-shape elementor-shape-top\" aria-hidden=\"true\" data-negative=\"false\">\n\t\t\t<svg xmlns=\"http:\/\/www.w3.org\/2000\/svg\" viewBox=\"0 0 1000 100\" preserveAspectRatio=\"none\">\n\t<path class=\"elementor-shape-fill\" d=\"M0,6V0h1000v100L0,6z\"\/>\n<\/svg>\t\t<\/div>\n\t\t\t\t<div class=\"elementor-shape elementor-shape-bottom\" aria-hidden=\"true\" data-negative=\"false\">\n\t\t\t<svg xmlns=\"http:\/\/www.w3.org\/2000\/svg\" viewBox=\"0 0 1000 100\" preserveAspectRatio=\"none\">\n\t<path class=\"elementor-shape-fill\" d=\"M0,6V0h1000v100L0,6z\"\/>\n<\/svg>\t\t<\/div>\n\t\t\t\t\t<div class=\"elementor-container elementor-column-gap-default\">\n\t\t\t\t\t<div class=\"elementor-column elementor-col-100 elementor-top-column elementor-element elementor-element-22d9422c\" data-id=\"22d9422c\" data-element_type=\"column\" data-e-type=\"column\">\n\t\t\t<div class=\"elementor-widget-wrap elementor-element-populated\">\n\t\t\t\t\t\t<section class=\"elementor-section elementor-inner-section elementor-element elementor-element-38eec783 elementor-section-boxed elementor-section-height-default elementor-section-height-default\" data-id=\"38eec783\" data-element_type=\"section\" data-e-type=\"section\" id=\"kontakt\">\n\t\t\t\t\t\t<div class=\"elementor-container elementor-column-gap-default\">\n\t\t\t\t\t<div class=\"elementor-column elementor-col-50 elementor-inner-column elementor-element elementor-element-544d1bb0\" data-id=\"544d1bb0\" data-element_type=\"column\" data-e-type=\"column\">\n\t\t\t<div class=\"elementor-widget-wrap elementor-element-populated\">\n\t\t\t\t\t\t<div class=\"elementor-element elementor-element-74f46b88 elementor-widget elementor-widget-heading\" data-id=\"74f46b88\" data-element_type=\"widget\" data-e-type=\"widget\" data-widget_type=\"heading.default\">\n\t\t\t\t<div class=\"elementor-widget-container\">\n\t\t\t\t\t<h2 class=\"elementor-heading-title elementor-size-default\"><strong data-start=\"132\" data-end=\"169\">Napisz do naszego biura sprzeda\u017cy<\/strong><\/h2>\t\t\t\t<\/div>\n\t\t\t\t<\/div>\n\t\t\t\t<div class=\"elementor-element elementor-element-2953eaca animated-slow elementor-invisible elementor-widget elementor-widget-text-editor\" data-id=\"2953eaca\" data-element_type=\"widget\" data-e-type=\"widget\" data-settings=\"{&quot;_animation&quot;:&quot;fadeIn&quot;,&quot;_animation_delay&quot;:200}\" data-widget_type=\"text-editor.default\">\n\t\t\t\t<div class=\"elementor-widget-container\">\n\t\t\t\t\t\t\t\t\t<p style=\"font-size: 24px;\" data-start=\"171\" data-end=\"369\">\n  Masz pytania? Chcesz obejrze\u0107 inwestycj\u0119 lub porozmawia\u0107 o dost\u0119pnych lokalach?<br data-start=\"250\" data-end=\"253\" \/>\n  Skontaktuj si\u0119 z nami \u2013 ch\u0119tnie pomo\u017cemy i um\u00f3wimy spotkanie w dogodnym terminie.<br data-start=\"334\" data-end=\"337\" \/>\n  Ch\u0119tnie przedstawimy szczeg\u00f3\u0142y inwestycji i odpowiemy na wszystkie Twoje w\u0105tpliwo\u015bci.\n<\/p>\n\t\t\t\t\t\t\t\t<\/div>\n\t\t\t\t<\/div>\n\t\t\t\t\t<\/div>\n\t\t<\/div>\n\t\t\t\t<div class=\"elementor-column elementor-col-50 elementor-inner-column elementor-element elementor-element-23c0b12b\" data-id=\"23c0b12b\" data-element_type=\"column\" data-e-type=\"column\" data-settings=\"{&quot;background_background&quot;:&quot;classic&quot;}\">\n\t\t\t<div class=\"elementor-widget-wrap elementor-element-populated\">\n\t\t\t\t\t\t<div class=\"elementor-element elementor-element-35a6b767 animated-slow elementor-invisible elementor-widget elementor-widget-heading\" data-id=\"35a6b767\" data-element_type=\"widget\" data-e-type=\"widget\" data-settings=\"{&quot;_animation&quot;:&quot;fadeIn&quot;,&quot;_animation_delay&quot;:200}\" data-widget_type=\"heading.default\">\n\t\t\t\t<div class=\"elementor-widget-container\">\n\t\t\t\t\t<h2 class=\"elementor-heading-title elementor-size-default\">Skontaktuj si\u0119 z nami<\/h2>\t\t\t\t<\/div>\n\t\t\t\t<\/div>\n\t\t\t\t<div class=\"elementor-element elementor-element-6e2e54ae animated-slow elementor-invisible elementor-widget elementor-widget-text-editor\" data-id=\"6e2e54ae\" data-element_type=\"widget\" data-e-type=\"widget\" data-settings=\"{&quot;_animation&quot;:&quot;fadeIn&quot;,&quot;_animation_delay&quot;:200}\" data-widget_type=\"text-editor.default\">\n\t\t\t\t<div class=\"elementor-widget-container\">\n\t\t\t\t\t\t\t\t\t<p>Je\u017celi masz pytanie wype\u0142nij ten formularz.<\/p><p>Odpowiemy na niego jak najszybciej.<\/p>\t\t\t\t\t\t\t\t<\/div>\n\t\t\t\t<\/div>\n\t\t\t\t<div class=\"elementor-element elementor-element-5c1d2876 elementor-widget elementor-widget-WpResidence_Contact_Form\" data-id=\"5c1d2876\" data-element_type=\"widget\" data-e-type=\"widget\" data-widget_type=\"WpResidence_Contact_Form.default\">\n\t\t\t\t<div class=\"elementor-widget-container\">\n\t\t\t\t\t<div class=\"wpestate_contact_form_parent shortcode_contact_form sh_form_align_left\">\n                <div class=\"alert-message\" id=\"footer_alert-agent-contact_sh\"><\/div><input style=\"background:#ECF7F9 !important;\" placeholder=\"Twoje imi\u0119\" required=\"required\" id=\"foot_contact_name_sh\" name=\"contact_name\" class=\"form-control\" type=\"text\"><input style=\"background:#ECF7F9 !important;\" placeholder=\"Tw\u00f3j email\" required=\"required\" id=\"foot_contact_email_sh\" name=\"contact_email\" class=\"form-control wpestate-form-control-sh\" type=\"email\"><input style=\"background:#ECF7F9 !important;\" placeholder=\"Tw\u00f3j telefon\" required=\"required\" id=\"foot_contact_phone_sh\" name=\"contact_phone\" class=\"form-control wpestate-form-control-sh\" type=\"email\"><textarea style=\"background:#ECF7F9 !important;\" placeholder=\"Wpisz swoj\u0105 wiadomo\u015b\u0107...\" required=\"required\" id=\"foot_contact_content_sh\" name=\"contact_content\" class=\"form-control wpestate-form-control-sh\" rows=\"4\"><\/textarea><input type=\"hidden\" name=\"contact_ajax_nonce\" id=\"agent_property_ajax_nonce\" value=\"1705be0a03\" \/>        <div class=\"gpr_wrapper\">\n            <input type=\"checkbox\" role=\"checkbox\" aria-checked=\"false\" \n                   id=\"wpestate_agree_gdpr\" \n                   class=\"wpestate_agree_gdpr\" \n                   name=\"wpestate_agree_gdpr\" \/>\n            <label class=\"wpestate_gdpr_label\" for=\"wpestate_agree_gdpr\">\n                Wyra\u017cam zgod\u0119 na \n                <a target=\"_blank\" href=\"https:\/\/sokolskapark.pl\/\">\n                    Warunki RODO                <\/a>\n            <\/label>\n        <\/div>\n        <div class=\"btn-cont\">\n                <button type=\"submit\" id=\"btn-cont-submit_sh\" class=\"wpresidence_button sh_but_1\">Wy\u015blij wiadomo\u015b\u0107<\/button>\n                <input type=\"hidden\" value=\"\" name=\"contact_to\">\n                <div class=\"bottom-arrow\"><\/div>\n            <\/div>\n        <\/div><style>\n                .shortcode_contact_form textarea::-webkit-input-placeholder,\n                .shortcode_contact_form input::-webkit-input-placeholder {\n                    color:  !important;\n                }\n            <\/style>\n            <script type=\"text\/javascript\">\n                jQuery(document).ready(function(){\n                    wpestate_contact_us_shortcode();\n                });\n            <\/script>\t\t\t\t<\/div>\n\t\t\t\t<\/div>\n\t\t\t\t\t<\/div>\n\t\t<\/div>\n\t\t\t\t\t<\/div>\n\t\t<\/section>\n\t\t\t\t\t<\/div>\n\t\t<\/div>\n\t\t\t\t\t<\/div>\n\t\t<\/section>\n\t\t\t\t<section class=\"elementor-section elementor-top-section elementor-element elementor-element-382034a elementor-section-stretched elementor-section-boxed elementor-section-height-default elementor-section-height-default\" data-id=\"382034a\" data-element_type=\"section\" data-e-type=\"section\" data-settings=\"{&quot;stretch_section&quot;:&quot;section-stretched&quot;,&quot;background_background&quot;:&quot;gradient&quot;,&quot;shape_divider_top&quot;:&quot;tilt&quot;}\">\n\t\t\t\t\t\t\t<div class=\"elementor-background-overlay\"><\/div>\n\t\t\t\t\t\t<div class=\"elementor-shape elementor-shape-top\" aria-hidden=\"true\" data-negative=\"false\">\n\t\t\t<svg xmlns=\"http:\/\/www.w3.org\/2000\/svg\" viewBox=\"0 0 1000 100\" preserveAspectRatio=\"none\">\n\t<path class=\"elementor-shape-fill\" d=\"M0,6V0h1000v100L0,6z\"\/>\n<\/svg>\t\t<\/div>\n\t\t\t\t\t<div class=\"elementor-container elementor-column-gap-default\">\n\t\t\t\t\t<div class=\"elementor-column elementor-col-100 elementor-top-column elementor-element elementor-element-4cf22576\" data-id=\"4cf22576\" data-element_type=\"column\" data-e-type=\"column\">\n\t\t\t<div class=\"elementor-widget-wrap\">\n\t\t\t\t\t\t\t<\/div>\n\t\t<\/div>\n\t\t\t\t\t<\/div>\n\t\t<\/section>\n\t\t\t\t<\/div>\n\t\t","protected":false},"excerpt":{"rendered":"<p>Sokolska Park tw\u00f3j deweloper na terenie \u015al\u0105ska Poznaj przejrzy\u015bcie ceny wszystkich naszych nieruchomo\u015bci Napisz do naszego biura sprzeda\u017cy Masz pytania? Chcesz obejrze\u0107 inwestycj\u0119 lub porozmawia\u0107 o dost\u0119pnych lokalach? Skontaktuj si\u0119 z nami \u2013 ch\u0119tnie pomo\u017cemy i um\u00f3wimy spotkanie w dogodnym terminie. Ch\u0119tnie przedstawimy szczeg\u00f3\u0142y inwestycji i odpowiemy na wszystkie Twoje w\u0105tpliwo\u015bci. Skontaktuj si\u0119 z nami Je\u017celi masz pytanie wype\u0142nij ten formularz. Odpowiemy na niego &#8230;<\/p>\n","protected":false},"author":1,"featured_media":0,"parent":18696,"menu_order":0,"comment_status":"closed","ping_status":"closed","template":"elementor_header_footer","meta":{"om_disable_all_campaigns":false,"inline_featured_image":false,"_monsterinsights_skip_tracking":false,"_monsterinsights_sitenote_active":false,"_monsterinsights_sitenote_note":"","_monsterinsights_sitenote_category":0,"footnotes":""},"class_list":["post-20356","page","type-page","status-publish","hentry"],"aioseo_notices":[],"_links":{"self":[{"href":"https:\/\/sokolskapark.pl\/index.php\/wp-json\/wp\/v2\/pages\/20356","targetHints":{"allow":["GET"]}}],"collection":[{"href":"https:\/\/sokolskapark.pl\/index.php\/wp-json\/wp\/v2\/pages"}],"about":[{"href":"https:\/\/sokolskapark.pl\/index.php\/wp-json\/wp\/v2\/types\/page"}],"author":[{"embeddable":true,"href":"https:\/\/sokolskapark.pl\/index.php\/wp-json\/wp\/v2\/users\/1"}],"replies":[{"embeddable":true,"href":"https:\/\/sokolskapark.pl\/index.php\/wp-json\/wp\/v2\/comments?post=20356"}],"version-history":[{"count":10,"href":"https:\/\/sokolskapark.pl\/index.php\/wp-json\/wp\/v2\/pages\/20356\/revisions"}],"predecessor-version":[{"id":20382,"href":"https:\/\/sokolskapark.pl\/index.php\/wp-json\/wp\/v2\/pages\/20356\/revisions\/20382"}],"up":[{"embeddable":true,"href":"https:\/\/sokolskapark.pl\/index.php\/wp-json\/wp\/v2\/pages\/18696"}],"wp:attachment":[{"href":"https:\/\/sokolskapark.pl\/index.php\/wp-json\/wp\/v2\/media?parent=20356"}],"curies":[{"name":"wp","href":"https:\/\/api.w.org\/{rel}","templated":true}]}}